{"id":43,"date":"2012-01-11T22:28:58","date_gmt":"2012-01-11T21:28:58","guid":{"rendered":"http:\/\/www.dietaediete.it\/blog\/?page_id=43"},"modified":"2019-06-11T22:11:41","modified_gmt":"2019-06-11T21:11:41","slug":"lc-dieta-2-0","status":"publish","type":"page","link":"https:\/\/www.dietaediete.it\/blog\/lc-dieta-2-0\/","title":{"rendered":"LC Dieta 2.0. Software per creare diete personalizzate."},"content":{"rendered":"<h2 style=\"text-align: center;\"><a href=\"https:\/\/i0.wp.com\/www.dietaediete.it\/blog\/wp-content\/uploads\/2018\/06\/lcdieta2left.png?ssl=1\"><img loading=\"lazy\" decoding=\"async\" data-attachment-id=\"1953\" data-permalink=\"https:\/\/www.dietaediete.it\/blog\/offerta\/lcdieta2left\/\" data-orig-file=\"https:\/\/i0.wp.com\/www.dietaediete.it\/blog\/wp-content\/uploads\/2018\/06\/lcdieta2left.png?fit=400%2C300&amp;ssl=1\" data-orig-size=\"400,300\" data-comments-opened=\"1\" data-image-meta=\"{&quot;aperture&quot;:&quot;0&quot;,&quot;credit&quot;:&quot;&quot;,&quot;camera&quot;:&quot;&quot;,&quot;caption&quot;:&quot;&quot;,&quot;created_timestamp&quot;:&quot;0&quot;,&quot;copyright&quot;:&quot;&quot;,&quot;focal_length&quot;:&quot;0&quot;,&quot;iso&quot;:&quot;0&quot;,&quot;shutter_speed&quot;:&quot;0&quot;,&quot;title&quot;:&quot;&quot;,&quot;orientation&quot;:&quot;0&quot;}\" data-image-title=\"lc dieta 2.0\" data-image-description=\"\" data-image-caption=\"\" data-medium-file=\"https:\/\/i0.wp.com\/www.dietaediete.it\/blog\/wp-content\/uploads\/2018\/06\/lcdieta2left.png?fit=400%2C300&amp;ssl=1\" data-large-file=\"https:\/\/i0.wp.com\/www.dietaediete.it\/blog\/wp-content\/uploads\/2018\/06\/lcdieta2left.png?fit=400%2C300&amp;ssl=1\" tabindex=\"0\" role=\"button\" class=\"aligncenter size-full wp-image-1953\" src=\"https:\/\/i0.wp.com\/www.dietaediete.it\/blog\/wp-content\/uploads\/2018\/06\/lcdieta2left.png?resize=400%2C300&#038;ssl=1\" alt=\"software dieta professionale\" width=\"400\" height=\"300\" data-recalc-dims=\"1\" \/><\/a><\/h2>\n<h2><span style=\"color: #000080;\">Perch\u00e8 per dimagrire \u00e8 fondamentale possedere un software per creare diete personalizzate?<\/span><\/h2>\n<p><b>I software, programmi per la nutrizione come <\/b><strong><a href=\"http:\/\/www.dietaediete.it\/blog\/software-per-nutrizionista\/\">LC Dieta 3.0<\/a><\/strong> di solito sono acquistati da: <i><b>nutrizionista, dietologo, istruttori di fitness, medici, preparatori atletici, personal trainer, farmacie, bodybuilder ecc..<\/b><\/i>\u00a0sono usati quindi da <span style=\"color: #000080; font-size: 14pt;\"><b>professionisti del settore fitness e nutrizione.<\/b><\/span><b> <\/b><\/p>\n<p>Con LC Dieta 2.0 <span style=\"font-size: 14pt; color: #000080;\"><strong>abbiamo cercato di dare a tutti la possibilit\u00e0 di gestire le proprie diete<\/strong> <\/span>attraverso il PC tra l&#8217;altro proprio in questo momento abbiamo una\u00a0<span style=\"color: #000080;\"><b>\u00a0<span style=\"font-size: 14pt;\">una fantastica offerta ti consigliamo di\u00a0non perdertela.<\/span><\/b><\/span><\/p>\n<p>&nbsp;<\/p>\n<p><span style=\"color: #000080; font-size: 14pt;\"><b>Riteniamo che poter scegliere<\/b><\/span><span style=\"font-size: 14pt;\"><strong><span style=\"color: #000080;\">\u00a0gli <\/span><span style=\"color: #000080;\">aliment<\/span><\/strong><\/span><strong><span style=\"color: #000080;\">i<\/span><\/strong> della propria dieta sia alla base del successo di qualsiasi dieta.<\/p>\n<p>Le diete di solito <span style=\"color: #000080;\"><strong>possono durare anche mesi<\/strong><\/span> e privarsi per tanto tempo di alcuni alimenti potrebbe essere pesante ed a volte impossibile.<\/p>\n<p>Con un software per la nutrizione\u00a0invece comporrai il tuo men\u00f9\u00a0 con gli alimenti che pi\u00f9 ti piacciono sin dal primo giorno e non sentirai la mancanza di nulla. Certo, diminuirai le quantit\u00e0, e con il tempo capirai che tutto \u00e8 lecito, basta non esagerare&#8230;<\/p>\n<p><span style=\"color: #000080; font-size: 14pt;\"><b>Il tuo attuale men\u00f9 \u00e8 gi\u00e0 una dieta !<\/b><\/span><\/p>\n<p>Nel nostro articolo <b><a href=\"http:\/\/www.dietaediete.it\/blog\/dimagrire-senza-dieta\/\">dimagrire senza seguire una dieta<\/a>,<\/b> dimostriamo come il tuo attuale men\u00f9 cio\u00e8 le tue attuali <em>cattive abitudini alimentari<\/em> possono essere trasformate in una dieta dimagrante.<\/p>\n<p>&nbsp;<\/p>\n<figure id=\"attachment_1712\" aria-describedby=\"caption-attachment-1712\" style=\"width: 800px\" class=\"wp-caption aligncenter\"><a href=\"https:\/\/i0.wp.com\/www.dietaediete.it\/blog\/wp-content\/uploads\/2012\/01\/lcdieta2.jpg\"><img loading=\"lazy\" decoding=\"async\" data-attachment-id=\"1712\" data-permalink=\"https:\/\/www.dietaediete.it\/blog\/lc-dieta-2-0\/lcdieta2\/\" data-orig-file=\"https:\/\/i0.wp.com\/www.dietaediete.it\/blog\/wp-content\/uploads\/2012\/01\/lcdieta2.jpg?fit=800%2C419&amp;ssl=1\" data-orig-size=\"800,419\" data-comments-opened=\"1\" data-image-meta=\"{&quot;aperture&quot;:&quot;0&quot;,&quot;credit&quot;:&quot;Portatile&quot;,&quot;camera&quot;:&quot;&quot;,&quot;caption&quot;:&quot;&quot;,&quot;created_timestamp&quot;:&quot;1352574847&quot;,&quot;copyright&quot;:&quot;&quot;,&quot;focal_length&quot;:&quot;0&quot;,&quot;iso&quot;:&quot;0&quot;,&quot;shutter_speed&quot;:&quot;0&quot;,&quot;title&quot;:&quot;&quot;,&quot;orientation&quot;:&quot;0&quot;}\" data-image-title=\"lcdieta2\" data-image-description=\"\" data-image-caption=\"\" data-medium-file=\"https:\/\/i0.wp.com\/www.dietaediete.it\/blog\/wp-content\/uploads\/2012\/01\/lcdieta2.jpg?fit=800%2C419&amp;ssl=1\" data-large-file=\"https:\/\/i0.wp.com\/www.dietaediete.it\/blog\/wp-content\/uploads\/2012\/01\/lcdieta2.jpg?fit=640%2C335&amp;ssl=1\" tabindex=\"0\" role=\"button\" class=\"wp-image-1712 size-full\" src=\"https:\/\/i0.wp.com\/www.dietaediete.it\/blog\/wp-content\/uploads\/2012\/01\/lcdieta2.jpg?resize=640%2C335&#038;ssl=1\" alt=\"Form1 di LC Dieta 2.0\" width=\"640\" height=\"335\" srcset=\"https:\/\/i0.wp.com\/www.dietaediete.it\/blog\/wp-content\/uploads\/2012\/01\/lcdieta2.jpg?w=800&amp;ssl=1 800w, https:\/\/i0.wp.com\/www.dietaediete.it\/blog\/wp-content\/uploads\/2012\/01\/lcdieta2.jpg?resize=768%2C402&amp;ssl=1 768w, https:\/\/i0.wp.com\/www.dietaediete.it\/blog\/wp-content\/uploads\/2012\/01\/lcdieta2.jpg?resize=390%2C205&amp;ssl=1 390w\" sizes=\"(max-width: 640px) 100vw, 640px\" data-recalc-dims=\"1\" \/><\/a><figcaption id=\"caption-attachment-1712\" class=\"wp-caption-text\">Schermata principale LC Dieta 2.0<\/figcaption><\/figure>\n<p style=\"text-align: center;\"><span style=\"font-size: 14pt;\">?\u00a0<strong>\u20ac 27,00<\/strong><\/span><\/p>\n<p style=\"text-align: center;\"><\/p>\n<p><span style=\"color: #000080; font-size: 14pt;\"><b>L&#8217;appetito ed il gusto non sono la stessa cosa!<\/b><\/span><\/p>\n<p>L&#8217;errore comune \u00e8 quello di mettere sullo stesso piano la fame ed il gusto. Si potrebbe aver cenato a sbafo e non rinunciare ad una tavoletta di cioccolata. Perch\u00e9 essere sazi \u00e8 una cosa, <strong><span style=\"color: #000080;\"><span style=\"font-size: 14pt;\">ed essere soddisfatti di cosa abbiamo mangiato \u00e8 un&#8217;altra<\/span>.<\/span><\/strong> In questo gioca un ruolo fondamentale la seratonina ed un bravo nutrizionista non pu\u00f2 non tenere conto di questo aspetto.<\/p>\n<p>Il piacere\u00a0derivante dal cibo\u00a0non pu\u00f2 essere messo da parte per questo motivo siamo convinti che il tuo men\u00f9 deve essere composto da cose che reputi buone che ti provocano piacere, la differenza la fai se riesci ad <strong><span style=\"color: #000080;\">agire sulle quantit\u00e0<\/span> <\/strong>e per farlo LC Dieta 2.0 diventa una valido alleato.<em> Si potrebbe scrivere un intero volume sulle propriet\u00e0 benefiche della cioccolata se consumata nelle giuste quantit\u00e0.\u00a0<\/em><\/p>\n<p>Con LC Dieta sei tu a scegliere cosa mettere nel tuo men\u00f9 esempio, se trovi interessante la dieta dukan o la dieta metabolica o la dieta sirt puoi comunque inserirla nel programma ed aggiustare il men\u00f9 in base ai tuoi gusti.<\/p>\n<p><span style=\"font-size: 14pt;\"><strong><span style=\"color: #000080;\">Pensi che sia costoso LC Dieta 2.0?<\/span><\/strong><\/span><\/p>\n<p>Per niente, costa la cifra irrisoria di \u20ac 27,00 pi\u00f9 una fantastica offerta.<\/p>\n<p><span style=\"color: #000080; font-size: 14pt;\"><b>Pensi sia difficile utilizzare o installare <\/b><strong>LC Dieta?<\/strong><\/span><\/p>\n<p>LC Dieta 2.0 \u00e8 auto installante zero configurazioni al primo avvio gi\u00e0 sei pronto ad inserire i primi alimenti partendo dalla colazione alla cena e per ogni giorno della settimana. Inserendo i tuoi valori i tuoi obiettivi di peso il programma ti calcola il tuo fabbisogno calorico cos\u00ec sarai libero di muoverti in quel range potendo creare la tua dieta e goderti il piacere ed il gusto.<\/p>\n<p>&nbsp;<\/p>\n<p><span style=\"color: #ff0000; font-size: 18pt;\"><strong>E&#8217; ora di presentarti la nostra offerta.<\/strong><\/span><\/p>\n<p><span style=\"font-size: 14pt; color: #000080;\"><b>Prendi due e paghi 1<\/b>: LC Dieta 2.0 ed LC Dieta 3.0 \u20ac 27,00 una tantum affrettati.<\/span><\/p>\n<p><span style=\"font-size: 14pt; color: #000080;\"><b>Modifiche gratis<\/b> a tua richiesta<\/span><\/p>\n<p><span style=\"font-size: 14pt; color: #000080;\"><b>Soddisfatti o rimborsati.<\/b><\/span><\/p>\n<p><span style=\"font-size: 14pt; color: #000080;\"><b>Invio gratuito<\/b> di tutte le future versioni a partire da <b>LC Dieta 4.0<\/b> in prossima uscita.<\/span><\/p>\n<p><span style=\"font-size: 14pt; color: #000080;\">Quindi non perdere tempo\u00a0clicca su paga adesso ed acquisterai in sicurezza via paypal o carta di credito<\/span><\/p>\n<p style=\"text-align: center;\"><a href=\"https:\/\/i0.wp.com\/www.dietaediete.it\/blog\/wp-content\/uploads\/2018\/06\/lcdieta2left.png?ssl=1\"><img loading=\"lazy\" decoding=\"async\" data-attachment-id=\"1953\" data-permalink=\"https:\/\/www.dietaediete.it\/blog\/offerta\/lcdieta2left\/\" data-orig-file=\"https:\/\/i0.wp.com\/www.dietaediete.it\/blog\/wp-content\/uploads\/2018\/06\/lcdieta2left.png?fit=400%2C300&amp;ssl=1\" data-orig-size=\"400,300\" data-comments-opened=\"1\" data-image-meta=\"{&quot;aperture&quot;:&quot;0&quot;,&quot;credit&quot;:&quot;&quot;,&quot;camera&quot;:&quot;&quot;,&quot;caption&quot;:&quot;&quot;,&quot;created_timestamp&quot;:&quot;0&quot;,&quot;copyright&quot;:&quot;&quot;,&quot;focal_length&quot;:&quot;0&quot;,&quot;iso&quot;:&quot;0&quot;,&quot;shutter_speed&quot;:&quot;0&quot;,&quot;title&quot;:&quot;&quot;,&quot;orientation&quot;:&quot;0&quot;}\" data-image-title=\"lc dieta 2.0\" data-image-description=\"\" data-image-caption=\"\" data-medium-file=\"https:\/\/i0.wp.com\/www.dietaediete.it\/blog\/wp-content\/uploads\/2018\/06\/lcdieta2left.png?fit=400%2C300&amp;ssl=1\" data-large-file=\"https:\/\/i0.wp.com\/www.dietaediete.it\/blog\/wp-content\/uploads\/2018\/06\/lcdieta2left.png?fit=400%2C300&amp;ssl=1\" tabindex=\"0\" role=\"button\" class=\"aligncenter size-full wp-image-1953\" src=\"https:\/\/i0.wp.com\/www.dietaediete.it\/blog\/wp-content\/uploads\/2018\/06\/lcdieta2left.png?resize=400%2C300&#038;ssl=1\" alt=\"software dieta professionale\" width=\"400\" height=\"300\" data-recalc-dims=\"1\" \/><\/a><\/p>\n<h3 style=\"text-align: center;\"><\/h3>\n<p style=\"text-align: center;\"><span style=\"font-size: 14pt;\">?\u00a0<strong>\u20ac 27,00<\/strong><\/span><\/p>\n<p style=\"text-align: center;\"><\/p>\n<p>&nbsp;<\/p>\n<p>NB. l&#8217;offerta \u00e8 valida sia se acquisti LC Dieta 2.0 sia se acquisti LC Dieta 3.0 prendi due e paghi 1 non saranno soldi buttati perch\u00e8 se non sei <span style=\"font-size: 14pt;\"><b>soddisfatto ti rimborsiamo.<\/b><\/span><\/p>\n<p>&nbsp;<\/p>\n<div id=\"wb_Text2Dettaglidieta2\">\n<p style=\"text-align: center;\"><a href=\"https:\/\/lcdieta.it\/offerta\" class=\"medium square otw-button\">Scopri l&#8217;offerta riservata LC Dieta<\/a><\/p>\n<h3 style=\"text-align: center;\">Sei un nutrizionista? Allora ti serve LC Dieta 3.0<\/h3>\n<p style=\"text-align: center;\"><a href=\"https:\/\/www.dietaediete.it\/blog\/software-per-nutrizionisti\"><img loading=\"lazy\" decoding=\"async\" data-attachment-id=\"2790\" data-permalink=\"https:\/\/www.dietaediete.it\/blog\/software-dieta-professionale\/lcdieta3\/\" data-orig-file=\"https:\/\/i0.wp.com\/www.dietaediete.it\/blog\/wp-content\/uploads\/2018\/08\/LCDieta3.png?fit=320%2C240&amp;ssl=1\" data-orig-size=\"320,240\" data-comments-opened=\"1\" data-image-meta=\"{&quot;aperture&quot;:&quot;0&quot;,&quot;credit&quot;:&quot;&quot;,&quot;camera&quot;:&quot;&quot;,&quot;caption&quot;:&quot;&quot;,&quot;created_timestamp&quot;:&quot;0&quot;,&quot;copyright&quot;:&quot;&quot;,&quot;focal_length&quot;:&quot;0&quot;,&quot;iso&quot;:&quot;0&quot;,&quot;shutter_speed&quot;:&quot;0&quot;,&quot;title&quot;:&quot;&quot;,&quot;orientation&quot;:&quot;0&quot;}\" data-image-title=\"LCDieta3\" data-image-description=\"\" data-image-caption=\"\" data-medium-file=\"https:\/\/i0.wp.com\/www.dietaediete.it\/blog\/wp-content\/uploads\/2018\/08\/LCDieta3.png?fit=320%2C240&amp;ssl=1\" data-large-file=\"https:\/\/i0.wp.com\/www.dietaediete.it\/blog\/wp-content\/uploads\/2018\/08\/LCDieta3.png?fit=320%2C240&amp;ssl=1\" tabindex=\"0\" role=\"button\" class=\"aligncenter size-full wp-image-2790\" src=\"https:\/\/i0.wp.com\/www.dietaediete.it\/blog\/wp-content\/uploads\/2018\/08\/LCDieta3.png?resize=320%2C240&#038;ssl=1\" alt=\"Software per nutrizionisti LC Dieta 3.0\" width=\"320\" height=\"240\" srcset=\"https:\/\/i0.wp.com\/www.dietaediete.it\/blog\/wp-content\/uploads\/2018\/08\/LCDieta3.png?w=320&amp;ssl=1 320w, https:\/\/i0.wp.com\/www.dietaediete.it\/blog\/wp-content\/uploads\/2018\/08\/LCDieta3.png?resize=110%2C83&amp;ssl=1 110w\" sizes=\"(max-width: 320px) 100vw, 320px\" data-recalc-dims=\"1\" \/><\/a><\/p>\n<p style=\"text-align: center;\"><a href=\"https:\/\/www.dietaediete.it\/blog\/software-per-nutrizionisti\" class=\"medium square otw-button\">Software per nutrizionisti LC Dieta 3.0<\/a><\/p>\n<p>&nbsp;<\/p>\n<\/div>\n<p>&nbsp;<\/p>\n<p>&nbsp;<\/p>\n","protected":false},"excerpt":{"rendered":"<p>Perch\u00e8 per dimagrire \u00e8 fondamentale possedere un software per creare diete personalizzate? I software, programmi per la nutrizione come LC Dieta 3.0 di solito sono acquistati da: nutrizionista, dietologo, istruttori di fitness, medici, preparatori atletici, personal trainer, farmacie, bodybuilder ecc..\u00a0sono usati quindi da professionisti del settore fitness e nutrizione. Con LC Dieta 2.0 abbiamo cercato [&hellip;]<\/p>\n","protected":false},"author":1,"featured_media":1953,"parent":0,"menu_order":2,"comment_status":"open","ping_status":"closed","template":"","meta":{"_exactmetrics_skip_tracking":false,"_exactmetrics_sitenote_active":false,"_exactmetrics_sitenote_note":"","_exactmetrics_sitenote_category":0,"_monsterinsights_skip_tracking":false,"_monsterinsights_sitenote_active":false,"_monsterinsights_sitenote_note":"","_monsterinsights_sitenote_category":0,"jetpack_post_was_ever_published":false,"footnotes":"","_links_to":"","_links_to_target":""},"class_list":["post-43","page","type-page","status-publish","has-post-thumbnail","hentry"],"yoast_head":"<!-- This site is optimized with the Yoast SEO plugin v23.3 - https:\/\/yoast.com\/wordpress\/plugins\/seo\/ -->\n<title>LC Dieta 2.0. Software per creare diete personalizzate. - LC Dieta<\/title>\n<meta name=\"description\" content=\"Con LC Dieta 2.0 abbiamo cercato di dare a tutti la possibilit\u00e0 di gestire le proprie diete personalizzate attraverso il PC\" \/>\n<meta name=\"robots\" content=\"index, follow, max-snippet:-1, max-image-preview:large, max-video-preview:-1\" \/>\n<link rel=\"canonical\" href=\"https:\/\/lcdieta.it\/software-dieta\" \/>\n<meta property=\"og:locale\" content=\"it_IT\" \/>\n<meta property=\"og:type\" content=\"article\" \/>\n<meta property=\"og:title\" content=\"LC Dieta 2.0. Software per creare diete personalizzate. - LC Dieta\" \/>\n<meta property=\"og:description\" content=\"Con LC Dieta 2.0 abbiamo cercato di dare a tutti la possibilit\u00e0 di gestire le proprie diete personalizzate attraverso il PC\" \/>\n<meta property=\"og:url\" content=\"https:\/\/lcdieta.it\/software-dieta\" \/>\n<meta property=\"og:site_name\" content=\"LC Dieta\" \/>\n<meta property=\"article:publisher\" content=\"https:\/\/www.facebook.com\/SoftwarePerNutrizionisti\" \/>\n<meta property=\"article:modified_time\" content=\"2019-06-11T21:11:41+00:00\" \/>\n<meta property=\"og:image\" content=\"https:\/\/i0.wp.com\/www.dietaediete.it\/blog\/wp-content\/uploads\/2018\/06\/lcdieta2left.png?fit=400%2C300&ssl=1\" \/>\n\t<meta property=\"og:image:width\" content=\"400\" \/>\n\t<meta property=\"og:image:height\" content=\"300\" \/>\n\t<meta property=\"og:image:type\" content=\"image\/png\" \/>\n<meta name=\"twitter:card\" content=\"summary_large_image\" \/>\n<meta name=\"twitter:label1\" content=\"Tempo di lettura stimato\" \/>\n\t<meta name=\"twitter:data1\" content=\"3 minuti\" \/>\n<script type=\"application\/ld+json\" class=\"yoast-schema-graph\">{\"@context\":\"https:\/\/schema.org\",\"@graph\":[{\"@type\":\"WebPage\",\"@id\":\"https:\/\/www.dietaediete.it\/blog\/lc-dieta-2-0\/\",\"url\":\"https:\/\/lcdieta.it\/software-dieta\",\"name\":\"LC Dieta 2.0. Software per creare diete personalizzate. - LC Dieta\",\"isPartOf\":{\"@id\":\"https:\/\/www.dietaediete.it\/blog\/#website\"},\"primaryImageOfPage\":{\"@id\":\"https:\/\/lcdieta.it\/software-dieta#primaryimage\"},\"image\":{\"@id\":\"https:\/\/lcdieta.it\/software-dieta#primaryimage\"},\"thumbnailUrl\":\"https:\/\/i0.wp.com\/www.dietaediete.it\/blog\/wp-content\/uploads\/2018\/06\/lcdieta2left.png?fit=400%2C300&ssl=1\",\"datePublished\":\"2012-01-11T21:28:58+00:00\",\"dateModified\":\"2019-06-11T21:11:41+00:00\",\"description\":\"Con LC Dieta 2.0 abbiamo cercato di dare a tutti la possibilit\u00e0 di gestire le proprie diete personalizzate attraverso il PC\",\"breadcrumb\":{\"@id\":\"https:\/\/lcdieta.it\/software-dieta#breadcrumb\"},\"inLanguage\":\"it-IT\",\"potentialAction\":[{\"@type\":\"ReadAction\",\"target\":[\"https:\/\/lcdieta.it\/software-dieta\"]}]},{\"@type\":\"ImageObject\",\"inLanguage\":\"it-IT\",\"@id\":\"https:\/\/lcdieta.it\/software-dieta#primaryimage\",\"url\":\"https:\/\/i0.wp.com\/www.dietaediete.it\/blog\/wp-content\/uploads\/2018\/06\/lcdieta2left.png?fit=400%2C300&ssl=1\",\"contentUrl\":\"https:\/\/i0.wp.com\/www.dietaediete.it\/blog\/wp-content\/uploads\/2018\/06\/lcdieta2left.png?fit=400%2C300&ssl=1\",\"width\":400,\"height\":300,\"caption\":\"software dieta professionale\"},{\"@type\":\"BreadcrumbList\",\"@id\":\"https:\/\/lcdieta.it\/software-dieta#breadcrumb\",\"itemListElement\":[{\"@type\":\"ListItem\",\"position\":1,\"name\":\"Home\",\"item\":\"https:\/\/www.dietaediete.it\/blog\/\"},{\"@type\":\"ListItem\",\"position\":2,\"name\":\"LC Dieta 2.0. Software per creare diete personalizzate.\"}]},{\"@type\":\"WebSite\",\"@id\":\"https:\/\/www.dietaediete.it\/blog\/#website\",\"url\":\"https:\/\/www.dietaediete.it\/blog\/\",\"name\":\"LC Dieta\",\"description\":\"Articoli e software per nutrizionisti\",\"potentialAction\":[{\"@type\":\"SearchAction\",\"target\":{\"@type\":\"EntryPoint\",\"urlTemplate\":\"https:\/\/www.dietaediete.it\/blog\/?s={search_term_string}\"},\"query-input\":\"required name=search_term_string\"}],\"inLanguage\":\"it-IT\"}]}<\/script>\n<!-- \/ Yoast SEO plugin. -->","yoast_head_json":{"title":"LC Dieta 2.0. Software per creare diete personalizzate. - LC Dieta","description":"Con LC Dieta 2.0 abbiamo cercato di dare a tutti la possibilit\u00e0 di gestire le proprie diete personalizzate attraverso il PC","robots":{"index":"index","follow":"follow","max-snippet":"max-snippet:-1","max-image-preview":"max-image-preview:large","max-video-preview":"max-video-preview:-1"},"canonical":"https:\/\/lcdieta.it\/software-dieta","og_locale":"it_IT","og_type":"article","og_title":"LC Dieta 2.0. Software per creare diete personalizzate. - LC Dieta","og_description":"Con LC Dieta 2.0 abbiamo cercato di dare a tutti la possibilit\u00e0 di gestire le proprie diete personalizzate attraverso il PC","og_url":"https:\/\/lcdieta.it\/software-dieta","og_site_name":"LC Dieta","article_publisher":"https:\/\/www.facebook.com\/SoftwarePerNutrizionisti","article_modified_time":"2019-06-11T21:11:41+00:00","og_image":[{"width":400,"height":300,"url":"https:\/\/i0.wp.com\/www.dietaediete.it\/blog\/wp-content\/uploads\/2018\/06\/lcdieta2left.png?fit=400%2C300&ssl=1","type":"image\/png"}],"twitter_card":"summary_large_image","twitter_misc":{"Tempo di lettura stimato":"3 minuti"},"schema":{"@context":"https:\/\/schema.org","@graph":[{"@type":"WebPage","@id":"https:\/\/www.dietaediete.it\/blog\/lc-dieta-2-0\/","url":"https:\/\/lcdieta.it\/software-dieta","name":"LC Dieta 2.0. Software per creare diete personalizzate. - LC Dieta","isPartOf":{"@id":"https:\/\/www.dietaediete.it\/blog\/#website"},"primaryImageOfPage":{"@id":"https:\/\/lcdieta.it\/software-dieta#primaryimage"},"image":{"@id":"https:\/\/lcdieta.it\/software-dieta#primaryimage"},"thumbnailUrl":"https:\/\/i0.wp.com\/www.dietaediete.it\/blog\/wp-content\/uploads\/2018\/06\/lcdieta2left.png?fit=400%2C300&ssl=1","datePublished":"2012-01-11T21:28:58+00:00","dateModified":"2019-06-11T21:11:41+00:00","description":"Con LC Dieta 2.0 abbiamo cercato di dare a tutti la possibilit\u00e0 di gestire le proprie diete personalizzate attraverso il PC","breadcrumb":{"@id":"https:\/\/lcdieta.it\/software-dieta#breadcrumb"},"inLanguage":"it-IT","potentialAction":[{"@type":"ReadAction","target":["https:\/\/lcdieta.it\/software-dieta"]}]},{"@type":"ImageObject","inLanguage":"it-IT","@id":"https:\/\/lcdieta.it\/software-dieta#primaryimage","url":"https:\/\/i0.wp.com\/www.dietaediete.it\/blog\/wp-content\/uploads\/2018\/06\/lcdieta2left.png?fit=400%2C300&ssl=1","contentUrl":"https:\/\/i0.wp.com\/www.dietaediete.it\/blog\/wp-content\/uploads\/2018\/06\/lcdieta2left.png?fit=400%2C300&ssl=1","width":400,"height":300,"caption":"software dieta professionale"},{"@type":"BreadcrumbList","@id":"https:\/\/lcdieta.it\/software-dieta#breadcrumb","itemListElement":[{"@type":"ListItem","position":1,"name":"Home","item":"https:\/\/www.dietaediete.it\/blog\/"},{"@type":"ListItem","position":2,"name":"LC Dieta 2.0. Software per creare diete personalizzate."}]},{"@type":"WebSite","@id":"https:\/\/www.dietaediete.it\/blog\/#website","url":"https:\/\/www.dietaediete.it\/blog\/","name":"LC Dieta","description":"Articoli e software per nutrizionisti","potentialAction":[{"@type":"SearchAction","target":{"@type":"EntryPoint","urlTemplate":"https:\/\/www.dietaediete.it\/blog\/?s={search_term_string}"},"query-input":"required name=search_term_string"}],"inLanguage":"it-IT"}]}},"jetpack_sharing_enabled":true,"jetpack_shortlink":"https:\/\/wp.me\/P9Vyps-H","jetpack-related-posts":[],"_links":{"self":[{"href":"https:\/\/www.dietaediete.it\/blog\/wp-json\/wp\/v2\/pages\/43"}],"collection":[{"href":"https:\/\/www.dietaediete.it\/blog\/wp-json\/wp\/v2\/pages"}],"about":[{"href":"https:\/\/www.dietaediete.it\/blog\/wp-json\/wp\/v2\/types\/page"}],"author":[{"embeddable":true,"href":"https:\/\/www.dietaediete.it\/blog\/wp-json\/wp\/v2\/users\/1"}],"replies":[{"embeddable":true,"href":"https:\/\/www.dietaediete.it\/blog\/wp-json\/wp\/v2\/comments?post=43"}],"version-history":[{"count":38,"href":"https:\/\/www.dietaediete.it\/blog\/wp-json\/wp\/v2\/pages\/43\/revisions"}],"predecessor-version":[{"id":7318,"href":"https:\/\/www.dietaediete.it\/blog\/wp-json\/wp\/v2\/pages\/43\/revisions\/7318"}],"wp:featuredmedia":[{"embeddable":true,"href":"https:\/\/www.dietaediete.it\/blog\/wp-json\/wp\/v2\/media\/1953"}],"wp:attachment":[{"href":"https:\/\/www.dietaediete.it\/blog\/wp-json\/wp\/v2\/media?parent=43"}],"curies":[{"name":"wp","href":"https:\/\/api.w.org\/{rel}","templated":true}]}}