{"id":2042,"date":"2018-07-06T23:48:22","date_gmt":"2018-07-06T22:48:22","guid":{"rendered":"http:\/\/www.dietaediete.it\/blog\/?p=2042"},"modified":"2019-08-31T16:54:14","modified_gmt":"2019-08-31T15:54:14","slug":"contacalorie","status":"publish","type":"page","link":"https:\/\/www.dietaediete.it\/blog\/contacalorie\/","title":{"rendered":"LC ContaCalorie gratis App per Android, Ios, Windows Mobile e PC"},"content":{"rendered":"<h2 style=\"text-align: center;\"><\/h2>\n<p style=\"text-align: center;\"><a href=\"https:\/\/i0.wp.com\/www.dietaediete.it\/blog\/wp-content\/uploads\/2018\/08\/192.png?ssl=1\"><img loading=\"lazy\" decoding=\"async\" data-attachment-id=\"2621\" data-permalink=\"https:\/\/www.dietaediete.it\/blog\/contacalorie\/attachment\/192\/\" data-orig-file=\"https:\/\/i0.wp.com\/www.dietaediete.it\/blog\/wp-content\/uploads\/2018\/08\/192.png?fit=192%2C192&amp;ssl=1\" data-orig-size=\"192,192\" data-comments-opened=\"1\" data-image-meta=\"{&quot;aperture&quot;:&quot;0&quot;,&quot;credit&quot;:&quot;&quot;,&quot;camera&quot;:&quot;&quot;,&quot;caption&quot;:&quot;&quot;,&quot;created_timestamp&quot;:&quot;0&quot;,&quot;copyright&quot;:&quot;&quot;,&quot;focal_length&quot;:&quot;0&quot;,&quot;iso&quot;:&quot;0&quot;,&quot;shutter_speed&quot;:&quot;0&quot;,&quot;title&quot;:&quot;&quot;,&quot;orientation&quot;:&quot;0&quot;}\" data-image-title=\"192\" data-image-description=\"\" data-image-caption=\"\" data-medium-file=\"https:\/\/i0.wp.com\/www.dietaediete.it\/blog\/wp-content\/uploads\/2018\/08\/192.png?fit=192%2C192&amp;ssl=1\" data-large-file=\"https:\/\/i0.wp.com\/www.dietaediete.it\/blog\/wp-content\/uploads\/2018\/08\/192.png?fit=192%2C192&amp;ssl=1\" tabindex=\"0\" role=\"button\" class=\"alignnone size-full wp-image-2621\" src=\"https:\/\/i0.wp.com\/www.dietaediete.it\/blog\/wp-content\/uploads\/2018\/08\/192.png?resize=192%2C192&#038;ssl=1\" alt=\"contacalorie\" width=\"192\" height=\"192\" data-recalc-dims=\"1\" \/><\/a><\/p>\n<p style=\"text-align: center;\"><a href=\"https:\/\/www.dietaediete.it\/AppContaCalorie.php\" class=\"medium square otw-button\">Avvia LC ContaCalorie sul tuo PC<\/a><\/p>\n<p style=\"text-align: center;\"><a href=\"https:\/\/play.google.com\/store\/apps\/details?id=com.coffye.dietaediete\" class=\"broken_link\"><img loading=\"lazy\" decoding=\"async\" data-attachment-id=\"8217\" data-permalink=\"https:\/\/www.dietaediete.it\/blog\/contacalorie\/google-play-badge\/\" data-orig-file=\"https:\/\/i0.wp.com\/www.dietaediete.it\/blog\/wp-content\/uploads\/2019\/08\/google-play-badge.png?fit=646%2C250&amp;ssl=1\" data-orig-size=\"646,250\" data-comments-opened=\"1\" data-image-meta=\"{&quot;aperture&quot;:&quot;0&quot;,&quot;credit&quot;:&quot;&quot;,&quot;camera&quot;:&quot;&quot;,&quot;caption&quot;:&quot;&quot;,&quot;created_timestamp&quot;:&quot;0&quot;,&quot;copyright&quot;:&quot;&quot;,&quot;focal_length&quot;:&quot;0&quot;,&quot;iso&quot;:&quot;0&quot;,&quot;shutter_speed&quot;:&quot;0&quot;,&quot;title&quot;:&quot;&quot;,&quot;orientation&quot;:&quot;0&quot;}\" data-image-title=\"google-play-badge\" data-image-description=\"\" data-image-caption=\"\" data-medium-file=\"https:\/\/i0.wp.com\/www.dietaediete.it\/blog\/wp-content\/uploads\/2019\/08\/google-play-badge.png?fit=646%2C250&amp;ssl=1\" data-large-file=\"https:\/\/i0.wp.com\/www.dietaediete.it\/blog\/wp-content\/uploads\/2019\/08\/google-play-badge.png?fit=640%2C248&amp;ssl=1\" tabindex=\"0\" role=\"button\" class=\"aligncenter size-full wp-image-8217\" src=\"https:\/\/i0.wp.com\/www.dietaediete.it\/blog\/wp-content\/uploads\/2019\/08\/google-play-badge.png?resize=640%2C248&#038;ssl=1\" alt=\"Scarica LC ContaCalorie Gratis da Google Play\" width=\"640\" height=\"248\" srcset=\"https:\/\/i0.wp.com\/www.dietaediete.it\/blog\/wp-content\/uploads\/2019\/08\/google-play-badge.png?w=646&amp;ssl=1 646w, https:\/\/i0.wp.com\/www.dietaediete.it\/blog\/wp-content\/uploads\/2019\/08\/google-play-badge.png?resize=110%2C43&amp;ssl=1 110w, https:\/\/i0.wp.com\/www.dietaediete.it\/blog\/wp-content\/uploads\/2019\/08\/google-play-badge.png?resize=420%2C163&amp;ssl=1 420w\" sizes=\"(max-width: 640px) 100vw, 640px\" data-recalc-dims=\"1\" \/><\/a><\/p>\n<p>Stai cercando un contacalorie che funzioni sia su smartphone che su iphone su windows mobile o semplicemente da PC e senza noiose registrazioni? Ti basta cliccare e sei pronto per calcolare le calorie proteine carboidrati grassi e zuccheri di oltre <span style=\"font-size: 18pt;\"><strong>3000 alimenti.<\/strong><\/span><\/p>\n<p><strong><span style=\"color: #000080;\">Se poi ti piace e l&#8217;App e vuoi avere LC ContaCalorie\u00a0sempre a portata di click \u00a0ti basta cliccare sui\u00a0 <\/span><span style=\"text-decoration: underline;\"><span style=\"color: #000080; text-decoration: underline;\">&#8220;tre puntini&#8221;<\/span><\/span><span style=\"color: #000080;\"> in alto a destra e scegliere<span style=\"text-decoration: underline;\"> &#8220;Aggiungi alla schermata home&#8221;<\/span>. LC ContaCalorie \u00e8 semplice da usare, essensiale non appesantische lo smartphone e <span style=\"text-decoration: underline;\">non consuma GIGA.<\/span><\/span><\/strong><\/p>\n<p>&nbsp;<\/p>\n<p style=\"text-align: center;\"><a href=\"https:\/\/i0.wp.com\/www.dietaediete.it\/blog\/wp-content\/uploads\/2018\/07\/adhome.png\"><img loading=\"lazy\" decoding=\"async\" data-attachment-id=\"2215\" data-permalink=\"https:\/\/www.dietaediete.it\/blog\/contacalorie\/adhome\/\" data-orig-file=\"https:\/\/i0.wp.com\/www.dietaediete.it\/blog\/wp-content\/uploads\/2018\/07\/adhome.png?fit=1080%2C1920&amp;ssl=1\" data-orig-size=\"1080,1920\" data-comments-opened=\"1\" data-image-meta=\"{&quot;aperture&quot;:&quot;0&quot;,&quot;credit&quot;:&quot;&quot;,&quot;camera&quot;:&quot;&quot;,&quot;caption&quot;:&quot;&quot;,&quot;created_timestamp&quot;:&quot;0&quot;,&quot;copyright&quot;:&quot;&quot;,&quot;focal_length&quot;:&quot;0&quot;,&quot;iso&quot;:&quot;0&quot;,&quot;shutter_speed&quot;:&quot;0&quot;,&quot;title&quot;:&quot;&quot;,&quot;orientation&quot;:&quot;0&quot;}\" data-image-title=\"adhome\" data-image-description=\"\" data-image-caption=\"\" data-medium-file=\"https:\/\/i0.wp.com\/www.dietaediete.it\/blog\/wp-content\/uploads\/2018\/07\/adhome.png?fit=850%2C478&amp;ssl=1\" data-large-file=\"https:\/\/i0.wp.com\/www.dietaediete.it\/blog\/wp-content\/uploads\/2018\/07\/adhome.png?fit=640%2C400&amp;ssl=1\" tabindex=\"0\" role=\"button\" class=\"alignnone wp-image-2215\" src=\"https:\/\/i0.wp.com\/www.dietaediete.it\/blog\/wp-content\/uploads\/2018\/07\/adhome.png?resize=318%2C565\" alt=\"Come installare LC ContaCalorie gratis\" width=\"318\" height=\"565\" srcset=\"https:\/\/i0.wp.com\/www.dietaediete.it\/blog\/wp-content\/uploads\/2018\/07\/adhome.png?w=1080&amp;ssl=1 1080w, https:\/\/i0.wp.com\/www.dietaediete.it\/blog\/wp-content\/uploads\/2018\/07\/adhome.png?resize=768%2C1365&amp;ssl=1 768w\" sizes=\"(max-width: 318px) 100vw, 318px\" data-recalc-dims=\"1\" \/><\/a><\/p>\n<h4 style=\"text-align: left;\"><a href=\"http:\/\/www.dietaediete.it\/blog\/wp-content\/uploads\/2018\/07\/aggiungere-i-preferiti-alla-homescreen-2.jpg\"><br \/>\n<\/a>\u00a0Scarica gratis LC ContaCalorie da Google Play Stotre .<\/h4>\n<h4 style=\"text-align: center;\"><a href=\"https:\/\/play.google.com\/store\/apps\/details?id=com.coffye.dietaediete\" class=\"broken_link\"><img loading=\"lazy\" decoding=\"async\" data-attachment-id=\"8217\" data-permalink=\"https:\/\/www.dietaediete.it\/blog\/contacalorie\/google-play-badge\/\" data-orig-file=\"https:\/\/i0.wp.com\/www.dietaediete.it\/blog\/wp-content\/uploads\/2019\/08\/google-play-badge.png?fit=646%2C250&amp;ssl=1\" data-orig-size=\"646,250\" data-comments-opened=\"1\" data-image-meta=\"{&quot;aperture&quot;:&quot;0&quot;,&quot;credit&quot;:&quot;&quot;,&quot;camera&quot;:&quot;&quot;,&quot;caption&quot;:&quot;&quot;,&quot;created_timestamp&quot;:&quot;0&quot;,&quot;copyright&quot;:&quot;&quot;,&quot;focal_length&quot;:&quot;0&quot;,&quot;iso&quot;:&quot;0&quot;,&quot;shutter_speed&quot;:&quot;0&quot;,&quot;title&quot;:&quot;&quot;,&quot;orientation&quot;:&quot;0&quot;}\" data-image-title=\"google-play-badge\" data-image-description=\"\" data-image-caption=\"\" data-medium-file=\"https:\/\/i0.wp.com\/www.dietaediete.it\/blog\/wp-content\/uploads\/2019\/08\/google-play-badge.png?fit=646%2C250&amp;ssl=1\" data-large-file=\"https:\/\/i0.wp.com\/www.dietaediete.it\/blog\/wp-content\/uploads\/2019\/08\/google-play-badge.png?fit=640%2C248&amp;ssl=1\" tabindex=\"0\" role=\"button\" class=\"aligncenter size-full wp-image-8217\" src=\"https:\/\/i0.wp.com\/www.dietaediete.it\/blog\/wp-content\/uploads\/2019\/08\/google-play-badge.png?resize=640%2C248&#038;ssl=1\" alt=\"Scarica LC ContaCalorie Gratis da Google Play\" width=\"640\" height=\"248\" srcset=\"https:\/\/i0.wp.com\/www.dietaediete.it\/blog\/wp-content\/uploads\/2019\/08\/google-play-badge.png?w=646&amp;ssl=1 646w, https:\/\/i0.wp.com\/www.dietaediete.it\/blog\/wp-content\/uploads\/2019\/08\/google-play-badge.png?resize=110%2C43&amp;ssl=1 110w, https:\/\/i0.wp.com\/www.dietaediete.it\/blog\/wp-content\/uploads\/2019\/08\/google-play-badge.png?resize=420%2C163&amp;ssl=1 420w\" sizes=\"(max-width: 640px) 100vw, 640px\" data-recalc-dims=\"1\" \/><\/a><\/h4>\n<h4 style=\"text-align: left;\">\u00a0\u00a0\u00a0\u00a0<a href=\"https:\/\/www.dietaediete.it\/LCContaCalorie.apk\">\u00a0<\/a><\/h4>\n<p>Perch\u00e8 dovrebbe servirti un contacalorie? Diciamo che consultare ogni giorno un conta calorie \u00e8 il minimo se proprio vuoi sapere tutto sugli alimenti che metti in tavola. Noi consigliamo di impostare prima una dieta con <a href=\"http:\/\/www.dietaediete.it\/blog\/lc-dieta-2-0\/\">LC Dieta 2.0<\/a>\u00a0e poi avere sullo smartphone questo fantastico conta calorie che \u00e8 essenziale semplice legerissimo. Ma che non ti conta solo le calorie ma ti conta anche i carboidrati, le proteine e i grassi. Leggendo gli articoli di questo blog magari qualche<a href=\"http:\/\/dieta365.altervista.org\" class=\"broken_link\"> libro in pdf \u00a0<\/a>\u00a0cambier\u00e0 il tuo modo di rapportarti agli alimenti. Perch\u00e8 seguire una dieta \u00e8 la base ma devi essere tu il regista dei tuoi men\u00f9. Poi \u00e8 chiaro che chiedere un parere al tuo medico di base non guasta.<\/p>\n<div class=\"css-0\">\n<h3>Se ti \u00e8 piace LC ContaCalorie ti chiedo un favore fai click su mi piace.<\/h3>\n<p>[fblike]<\/p>\n<\/div>\n<p style=\"text-align: center;\"><a href=\"https:\/\/www.dietaediete.it\/blog\/lc-dieta-1-0-software-dieta-gratis\/\">Scarica anche il software dieta gratis LC Dieta 1.0\u00a0<\/a><\/p>\n<p><a href=\"https:\/\/www.dietaediete.it\/blog\/lc-dieta-1-0-software-dieta-gratis\/\"><img loading=\"lazy\" decoding=\"async\" data-attachment-id=\"1954\" data-permalink=\"https:\/\/www.dietaediete.it\/blog\/offerta\/lcdieta1-0box-2\/\" data-orig-file=\"https:\/\/i0.wp.com\/www.dietaediete.it\/blog\/wp-content\/uploads\/2018\/06\/lcdieta1.0box-1.png?fit=400%2C300&amp;ssl=1\" data-orig-size=\"400,300\" data-comments-opened=\"1\" data-image-meta=\"{&quot;aperture&quot;:&quot;0&quot;,&quot;credit&quot;:&quot;&quot;,&quot;camera&quot;:&quot;&quot;,&quot;caption&quot;:&quot;&quot;,&quot;created_timestamp&quot;:&quot;0&quot;,&quot;copyright&quot;:&quot;&quot;,&quot;focal_length&quot;:&quot;0&quot;,&quot;iso&quot;:&quot;0&quot;,&quot;shutter_speed&quot;:&quot;0&quot;,&quot;title&quot;:&quot;&quot;,&quot;orientation&quot;:&quot;0&quot;}\" data-image-title=\"LCDieta 1.0 box\" data-image-description=\"\" data-image-caption=\"\" data-medium-file=\"https:\/\/i0.wp.com\/www.dietaediete.it\/blog\/wp-content\/uploads\/2018\/06\/lcdieta1.0box-1.png?fit=400%2C300&amp;ssl=1\" data-large-file=\"https:\/\/i0.wp.com\/www.dietaediete.it\/blog\/wp-content\/uploads\/2018\/06\/lcdieta1.0box-1.png?fit=400%2C300&amp;ssl=1\" tabindex=\"0\" role=\"button\" class=\"aligncenter size-full wp-image-1954\" src=\"https:\/\/i0.wp.com\/www.dietaediete.it\/blog\/wp-content\/uploads\/2018\/06\/lcdieta1.0box-1.png?resize=400%2C300&#038;ssl=1\" alt=\"software dieta gratis\" width=\"400\" height=\"300\" data-recalc-dims=\"1\" \/><\/a><\/p>\n","protected":false},"excerpt":{"rendered":"<p>Stai cercando un contacalorie che funzioni sia su smartphone che su iphone su windows mobile o semplicemente da PC e senza noiose registrazioni? Ti basta cliccare e sei pronto per calcolare le calorie proteine carboidrati grassi e zuccheri di oltre 3000 alimenti. Se poi ti piace e l&#8217;App e vuoi avere LC ContaCalorie\u00a0sempre a portata [&hellip;]<\/p>\n","protected":false},"author":2145,"featured_media":2790,"parent":0,"menu_order":4,"comment_status":"open","ping_status":"closed","template":"","meta":{"_exactmetrics_skip_tracking":false,"_exactmetrics_sitenote_active":false,"_exactmetrics_sitenote_note":"","_exactmetrics_sitenote_category":0,"_monsterinsights_skip_tracking":false,"_monsterinsights_sitenote_active":false,"_monsterinsights_sitenote_note":"","_monsterinsights_sitenote_category":0,"jetpack_post_was_ever_published":false,"footnotes":"","_links_to":"","_links_to_target":""},"class_list":["post-2042","page","type-page","status-publish","has-post-thumbnail","hentry"],"yoast_head":"<!-- This site is optimized with the Yoast SEO plugin v23.3 - https:\/\/yoast.com\/wordpress\/plugins\/seo\/ -->\n<title>Contacalorie gratis calcolo calorie proteine carboidrati e grassi. - LCDieta.it<\/title>\n<meta name=\"description\" content=\"Contacalorie gratis calcolo calorie carboidrati proteine e grassi per Android iOS e Windows Smartphone Pc e Tablet semplice che non consuma giga.\" \/>\n<meta name=\"robots\" content=\"index, follow, max-snippet:-1, max-image-preview:large, max-video-preview:-1\" \/>\n<link rel=\"canonical\" href=\"https:\/\/www.dietaediete.it\/blog\/contacalorie\/\" \/>\n<meta property=\"og:locale\" content=\"it_IT\" \/>\n<meta property=\"og:type\" content=\"article\" \/>\n<meta property=\"og:title\" content=\"Contacalorie gratis calcolo calorie proteine carboidrati e grassi. - LCDieta.it\" \/>\n<meta property=\"og:description\" content=\"Contacalorie gratis calcolo calorie carboidrati proteine e grassi per Android iOS e Windows Smartphone Pc e Tablet semplice che non consuma giga.\" \/>\n<meta property=\"og:url\" content=\"https:\/\/www.dietaediete.it\/blog\/contacalorie\/\" \/>\n<meta property=\"og:site_name\" content=\"LC Dieta\" \/>\n<meta property=\"article:publisher\" content=\"https:\/\/www.facebook.com\/SoftwarePerNutrizionisti\" \/>\n<meta property=\"article:modified_time\" content=\"2019-08-31T15:54:14+00:00\" \/>\n<meta property=\"og:image\" content=\"https:\/\/i0.wp.com\/www.dietaediete.it\/blog\/wp-content\/uploads\/2018\/08\/LCDieta3.png?fit=320%2C240&ssl=1\" \/>\n\t<meta property=\"og:image:width\" content=\"320\" \/>\n\t<meta property=\"og:image:height\" content=\"240\" \/>\n\t<meta property=\"og:image:type\" content=\"image\/png\" \/>\n<meta name=\"twitter:card\" content=\"summary_large_image\" \/>\n<meta name=\"twitter:label1\" content=\"Tempo di lettura stimato\" \/>\n\t<meta name=\"twitter:data1\" content=\"1 minuto\" \/>\n<script type=\"application\/ld+json\" class=\"yoast-schema-graph\">{\"@context\":\"https:\/\/schema.org\",\"@graph\":[{\"@type\":\"WebPage\",\"@id\":\"https:\/\/www.dietaediete.it\/blog\/contacalorie\/\",\"url\":\"https:\/\/www.dietaediete.it\/blog\/contacalorie\/\",\"name\":\"Contacalorie gratis calcolo calorie proteine carboidrati e grassi. - LCDieta.it\",\"isPartOf\":{\"@id\":\"https:\/\/www.dietaediete.it\/blog\/#website\"},\"primaryImageOfPage\":{\"@id\":\"https:\/\/www.dietaediete.it\/blog\/contacalorie\/#primaryimage\"},\"image\":{\"@id\":\"https:\/\/www.dietaediete.it\/blog\/contacalorie\/#primaryimage\"},\"thumbnailUrl\":\"https:\/\/i0.wp.com\/www.dietaediete.it\/blog\/wp-content\/uploads\/2018\/08\/LCDieta3.png?fit=320%2C240&ssl=1\",\"datePublished\":\"2018-07-06T22:48:22+00:00\",\"dateModified\":\"2019-08-31T15:54:14+00:00\",\"description\":\"Contacalorie gratis calcolo calorie carboidrati proteine e grassi per Android iOS e Windows Smartphone Pc e Tablet semplice che non consuma giga.\",\"breadcrumb\":{\"@id\":\"https:\/\/www.dietaediete.it\/blog\/contacalorie\/#breadcrumb\"},\"inLanguage\":\"it-IT\",\"potentialAction\":[{\"@type\":\"ReadAction\",\"target\":[\"https:\/\/www.dietaediete.it\/blog\/contacalorie\/\"]}]},{\"@type\":\"ImageObject\",\"inLanguage\":\"it-IT\",\"@id\":\"https:\/\/www.dietaediete.it\/blog\/contacalorie\/#primaryimage\",\"url\":\"https:\/\/i0.wp.com\/www.dietaediete.it\/blog\/wp-content\/uploads\/2018\/08\/LCDieta3.png?fit=320%2C240&ssl=1\",\"contentUrl\":\"https:\/\/i0.wp.com\/www.dietaediete.it\/blog\/wp-content\/uploads\/2018\/08\/LCDieta3.png?fit=320%2C240&ssl=1\",\"width\":320,\"height\":240,\"caption\":\"Software per nutrizionisti LC Dieta 3.0\"},{\"@type\":\"BreadcrumbList\",\"@id\":\"https:\/\/www.dietaediete.it\/blog\/contacalorie\/#breadcrumb\",\"itemListElement\":[{\"@type\":\"ListItem\",\"position\":1,\"name\":\"Home\",\"item\":\"https:\/\/www.dietaediete.it\/blog\/\"},{\"@type\":\"ListItem\",\"position\":2,\"name\":\"LC ContaCalorie gratis App per Android, Ios, Windows Mobile e PC\"}]},{\"@type\":\"WebSite\",\"@id\":\"https:\/\/www.dietaediete.it\/blog\/#website\",\"url\":\"https:\/\/www.dietaediete.it\/blog\/\",\"name\":\"LC Dieta\",\"description\":\"Articoli e software per nutrizionisti\",\"potentialAction\":[{\"@type\":\"SearchAction\",\"target\":{\"@type\":\"EntryPoint\",\"urlTemplate\":\"https:\/\/www.dietaediete.it\/blog\/?s={search_term_string}\"},\"query-input\":\"required name=search_term_string\"}],\"inLanguage\":\"it-IT\"}]}<\/script>\n<!-- \/ Yoast SEO plugin. -->","yoast_head_json":{"title":"Contacalorie gratis calcolo calorie proteine carboidrati e grassi. - LCDieta.it","description":"Contacalorie gratis calcolo calorie carboidrati proteine e grassi per Android iOS e Windows Smartphone Pc e Tablet semplice che non consuma giga.","robots":{"index":"index","follow":"follow","max-snippet":"max-snippet:-1","max-image-preview":"max-image-preview:large","max-video-preview":"max-video-preview:-1"},"canonical":"https:\/\/www.dietaediete.it\/blog\/contacalorie\/","og_locale":"it_IT","og_type":"article","og_title":"Contacalorie gratis calcolo calorie proteine carboidrati e grassi. - LCDieta.it","og_description":"Contacalorie gratis calcolo calorie carboidrati proteine e grassi per Android iOS e Windows Smartphone Pc e Tablet semplice che non consuma giga.","og_url":"https:\/\/www.dietaediete.it\/blog\/contacalorie\/","og_site_name":"LC Dieta","article_publisher":"https:\/\/www.facebook.com\/SoftwarePerNutrizionisti","article_modified_time":"2019-08-31T15:54:14+00:00","og_image":[{"width":320,"height":240,"url":"https:\/\/i0.wp.com\/www.dietaediete.it\/blog\/wp-content\/uploads\/2018\/08\/LCDieta3.png?fit=320%2C240&ssl=1","type":"image\/png"}],"twitter_card":"summary_large_image","twitter_misc":{"Tempo di lettura stimato":"1 minuto"},"schema":{"@context":"https:\/\/schema.org","@graph":[{"@type":"WebPage","@id":"https:\/\/www.dietaediete.it\/blog\/contacalorie\/","url":"https:\/\/www.dietaediete.it\/blog\/contacalorie\/","name":"Contacalorie gratis calcolo calorie proteine carboidrati e grassi. - LCDieta.it","isPartOf":{"@id":"https:\/\/www.dietaediete.it\/blog\/#website"},"primaryImageOfPage":{"@id":"https:\/\/www.dietaediete.it\/blog\/contacalorie\/#primaryimage"},"image":{"@id":"https:\/\/www.dietaediete.it\/blog\/contacalorie\/#primaryimage"},"thumbnailUrl":"https:\/\/i0.wp.com\/www.dietaediete.it\/blog\/wp-content\/uploads\/2018\/08\/LCDieta3.png?fit=320%2C240&ssl=1","datePublished":"2018-07-06T22:48:22+00:00","dateModified":"2019-08-31T15:54:14+00:00","description":"Contacalorie gratis calcolo calorie carboidrati proteine e grassi per Android iOS e Windows Smartphone Pc e Tablet semplice che non consuma giga.","breadcrumb":{"@id":"https:\/\/www.dietaediete.it\/blog\/contacalorie\/#breadcrumb"},"inLanguage":"it-IT","potentialAction":[{"@type":"ReadAction","target":["https:\/\/www.dietaediete.it\/blog\/contacalorie\/"]}]},{"@type":"ImageObject","inLanguage":"it-IT","@id":"https:\/\/www.dietaediete.it\/blog\/contacalorie\/#primaryimage","url":"https:\/\/i0.wp.com\/www.dietaediete.it\/blog\/wp-content\/uploads\/2018\/08\/LCDieta3.png?fit=320%2C240&ssl=1","contentUrl":"https:\/\/i0.wp.com\/www.dietaediete.it\/blog\/wp-content\/uploads\/2018\/08\/LCDieta3.png?fit=320%2C240&ssl=1","width":320,"height":240,"caption":"Software per nutrizionisti LC Dieta 3.0"},{"@type":"BreadcrumbList","@id":"https:\/\/www.dietaediete.it\/blog\/contacalorie\/#breadcrumb","itemListElement":[{"@type":"ListItem","position":1,"name":"Home","item":"https:\/\/www.dietaediete.it\/blog\/"},{"@type":"ListItem","position":2,"name":"LC ContaCalorie gratis App per Android, Ios, Windows Mobile e PC"}]},{"@type":"WebSite","@id":"https:\/\/www.dietaediete.it\/blog\/#website","url":"https:\/\/www.dietaediete.it\/blog\/","name":"LC Dieta","description":"Articoli e software per nutrizionisti","potentialAction":[{"@type":"SearchAction","target":{"@type":"EntryPoint","urlTemplate":"https:\/\/www.dietaediete.it\/blog\/?s={search_term_string}"},"query-input":"required name=search_term_string"}],"inLanguage":"it-IT"}]}},"jetpack_sharing_enabled":true,"jetpack_shortlink":"https:\/\/wp.me\/P9Vyps-wW","jetpack-related-posts":[],"_links":{"self":[{"href":"https:\/\/www.dietaediete.it\/blog\/wp-json\/wp\/v2\/pages\/2042"}],"collection":[{"href":"https:\/\/www.dietaediete.it\/blog\/wp-json\/wp\/v2\/pages"}],"about":[{"href":"https:\/\/www.dietaediete.it\/blog\/wp-json\/wp\/v2\/types\/page"}],"author":[{"embeddable":true,"href":"https:\/\/www.dietaediete.it\/blog\/wp-json\/wp\/v2\/users\/2145"}],"replies":[{"embeddable":true,"href":"https:\/\/www.dietaediete.it\/blog\/wp-json\/wp\/v2\/comments?post=2042"}],"version-history":[{"count":25,"href":"https:\/\/www.dietaediete.it\/blog\/wp-json\/wp\/v2\/pages\/2042\/revisions"}],"predecessor-version":[{"id":8218,"href":"https:\/\/www.dietaediete.it\/blog\/wp-json\/wp\/v2\/pages\/2042\/revisions\/8218"}],"wp:featuredmedia":[{"embeddable":true,"href":"https:\/\/www.dietaediete.it\/blog\/wp-json\/wp\/v2\/media\/2790"}],"wp:attachment":[{"href":"https:\/\/www.dietaediete.it\/blog\/wp-json\/wp\/v2\/media?parent=2042"}],"curies":[{"name":"wp","href":"https:\/\/api.w.org\/{rel}","templated":true}]}}